{"id":16816,"date":"2024-12-29T20:21:22","date_gmt":"2024-12-29T20:21:22","guid":{"rendered":"https:\/\/avantajmakine.com\/site-kullanim-sartlari\/"},"modified":"2025-01-11T10:00:34","modified_gmt":"2025-01-11T10:00:34","slug":"site-kullanim-sartlari","status":"publish","type":"page","link":"https:\/\/avantajmakine.com\/en\/site-kullanim-sartlari\/","title":{"rendered":"Site Kullan\u0131m \u015eartlar\u0131"},"content":{"rendered":"\n<p><br\/>Say\u0131n Kullan\u0131c\u0131,<\/p>\n\n<p>Avantaj<a>Makine<\/a>.com web sitesine ho\u015f geldiniz.<\/p>\n\n<p>A\u015fa\u011f\u0131da &#8220;Kullan\u0131m \u015eartnamesi&#8221;, Avantaj Makine web sitesinin, siz de\u011ferli kullan\u0131c\u0131lar\u0131m\u0131za sa\u011flad\u0131\u011f\u0131 bilgi ve hizmetlerin sa\u011flanmas\u0131na ili\u015fkin h\u00fck\u00fcmleri d\u00fczenlemektedir.<\/p>\n\n<p>Avantaj Makineweb sitesine giren her kullan\u0131c\u0131, Kullan\u0131m \u015eartlar\u0131nda yer alan h\u00fck\u00fcmleri okumu\u015f ve kabul etmi\u015f say\u0131lacakt\u0131r.<\/p>\n\n<p><strong>Kullan\u0131m \u015eartlar\u0131<\/strong><br\/><br\/>Aksi a\u00e7\u0131k bir \u015fekilde belirtilmedik\u00e7e web sitesinde verilen hizmetlerin tamam\u0131 bedelsizdir.<br\/>Web sitesinde yay\u0131nlanan, telif ve di\u011fer fikr\u00ee ve s\u0131na\u00ee m\u00fclkiyet haklar\u0131 Avantaj Makine\u2019ye ait olan b\u00fct\u00fcn yaz\u0131l\u0131, resimli, sesli, g\u00f6rsel, elektronik materyallerin her t\u00fcrl\u00fc haklar\u0131 sakl\u0131d\u0131r. Bu materyallere web sitesinde yer verilmesi, bunlar\u0131n kullan\u0131m\u0131 ile ilgili olarak herhangi bir yetki, lisans ya da izin verildi\u011fi \u015feklinde yorumlanamaz. Avantaj Makine\u2019nin yaz\u0131l\u0131 izni olmaks\u0131z\u0131n bu materyaller kopyalanamaz, yeniden \u00fcretilemez, \u00e7o\u011falt\u0131lamaz ya da herhangi bir \u015fekilde kullan\u0131lamaz. Avantaj Makine, bu t\u00fcr materyallerin (duvar ka\u011f\u0131d\u0131, ekran koruyucu, reklam filmi gibi) meslek\u00ee, ya da ticar\u00ee ama\u00e7l\u0131 olmadan kullan\u0131m\u0131 i\u00e7in ki\u015fisel bilgisayarlara kopyalanabilmesine izinler verebilir. Bu sitede yer alan materyaller ile ilgili fikr\u00ee ve s\u0131na\u00ee m\u00fclkiyet haklar\u0131n\u0131 ihl\u00e2l edecek \u015fekildeki her t\u00fcrl\u00fc kullan\u0131m sonucu ortaya \u00e7\u0131kabilecek yasal sorumluluk, ihl\u00e2lde bulunan Kullan\u0131c\u0131\u2019ya aittir.<br\/>Aksi a\u00e7\u0131k bir \u015fekilde belirtilemedik\u00e7e web sitesinde yer alan her t\u00fcrl\u00fc i\u00e7erik ve bilgi T\u00fcrkiye&#8217;de yerle\u015fik Kullan\u0131c\u0131lara y\u00f6neliktir.    <\/p>\n\n<p>Web sitesinde yer alan her t\u00fcrl\u00fc i\u00e7erik; finansal bilgiler, fabrika, terminal ve di\u011fer lokasyon bilgileri, resim, a\u00e7\u0131klama ve haber, etkinlikler (k\u0131saca &#8220;B\u0130LG\u0130&#8221;) sadece tan\u0131t\u0131m ve bilgi verme ama\u00e7l\u0131d\u0131r. Kullan\u0131c\u0131, B\u0130LG\u0130\u2019leri referans alarak bir i\u015flem yapmak niyetinde oldu\u011funda, niha\u00ee ve g\u00fcvenilir enformasyonu, Avantaj Makine Yetkili Sat\u0131c\u0131lar\u0131ndan veya Avantaj Makine&#8217;den temin etmekle y\u00fck\u00fcml\u00fc oldu\u011funu kabul eder. <\/p>\n\n<p>Web sitesinde yay\u0131nlanan bilgilerin do\u011frulu\u011fu ya da g\u00fcncelli\u011fi konusunda hi\u00e7bir garanti ya da taahh\u00fct verilmemektedir. Kullan\u0131c\u0131, bu B\u0130LG\u0130&#8217;lere dayanarak yapabilece\u011fi i\u015flemler bak\u0131m\u0131ndan Avantaj Makine&#8217;nin herhangi bir sorumlulu\u011fu olmad\u0131\u011f\u0131n\u0131 kabul eder. <\/p>\n\n<p>Avantaj Makine kendi takdirinde olmak \u00fczere sitenin i\u00e7eri\u011fini, Kullan\u0131c\u0131lara sa\u011flanan herhangi bir hizmeti diledi\u011fi zaman de\u011fi\u015ftirme ya da sona erdirme ve Avantaj Makine web sitesinde kay\u0131tl\u0131 kullan\u0131c\u0131 bilgi ve verilerini sistemlerinden silme hakk\u0131n\u0131 sakl\u0131 tutar. Web sitesinin hatas\u0131z olmas\u0131 i\u00e7in her t\u00fcrl\u00fc tedbir al\u0131nm\u0131\u015f olmakla birlikte, sitede mevcut ya da olu\u015fabilecek hatalar ile ilgili herhangi bir garanti verilmemektedir. <\/p>\n\n<p>Avantaj Makine sitesinde mevcut, muhtelif Ba\u015fvuru Formlar\u0131n\u0131 doldurarak iletmi\u015f oldu\u011funuz bilgiler, sadece Avantaj Makine taraf\u0131ndan \u0130nsan Kaynaklar\u0131, tan\u0131t\u0131m ve pazarlama aktivitelerinde ve Ki\u015fisel Verilerin Korunmas\u0131 Kanunu \u00e7er\u00e7evesinde kullan\u0131labilecektir.<\/p>\n\n<p>Avantaj Makine sitesinde mevcut, muhtelif Ba\u015fvuru Formlar\u0131n\u0131n doldurulmu\u015f olmas\u0131, Kullan\u0131c\u0131&#8217;ya herhangi bir hak vermez ya da Kullan\u0131c\u0131&#8217;ya herhangi bir uygulama ile ilgili kazan\u0131lm\u0131\u015f hak iddias\u0131nda bulunma imk\u00e2n\u0131 vermez.<\/p>\n\n<p>Web sitesinin vir\u00fcs, trojan ve benzeri ama\u00e7l\u0131 yaz\u0131l\u0131mlardan ar\u0131nd\u0131r\u0131lm\u0131\u015f olmas\u0131 i\u00e7in mevcut imk\u00e2nlar d\u00e2hilinde tedbir al\u0131nm\u0131\u015f olmakla birlikte, niha\u00ee g\u00fcvenli\u011fin sa\u011flanmas\u0131 i\u00e7in Kullan\u0131c\u0131, kendi vir\u00fcs koruma sistemini tedarik etmek ve gerekli korumay\u0131 sa\u011flamakla y\u00fck\u00fcml\u00fcd\u00fcr. Bu \u00e7er\u00e7evede Kullan\u0131c\u0131, web sitesine girmesi nedeniyle, kendi yaz\u0131l\u0131m ve i\u015fletim sistemlerinde olu\u015fabilecek t\u00fcm hata ve bunlar\u0131n do\u011frudan ya da dolayl\u0131 sonu\u00e7lar\u0131ndan kendisinin sorumlu oldu\u011funu kabul eder. <\/p>\n\n<p>Resm\u00ee makamlardan Kullan\u0131c\u0131&#8217;ya y\u00f6nelik bir su\u00e7 duyurusu ya da resm\u00ee soru\u015fturma talebi gelmesi ve\/veya Kullan\u0131c\u0131&#8217;n\u0131nAvantaj Makine sistemlerinin \u00e7al\u0131\u015fmas\u0131na engel olacak ya da i\u015fleyi\u015fini de\u011fi\u015ftirecek herhangi bir elektronik sabotaj veya sald\u0131r\u0131 yapt\u0131\u011f\u0131n\u0131n tespit edilmesi halinde, Avantaj MakineKullan\u0131c\u0131&#8217;n\u0131n kimlik bilgilerini ara\u015ft\u0131rma ve yasal mercilere bildirimde bulunma hakk\u0131na sahiptir.<\/p>\n\n<p>Kullan\u0131c\u0131lar ile web sitesine giren ki\u015fi(ler), kurulu\u015f(lar) ile Avantaj Makine aras\u0131nda ortaya \u00e7\u0131kabilecek ihtil\u00e2flarda, Avantaj Makine elektronik kay\u0131tlar\u0131 delil olarak kabul edilecektir. Bu t\u00fcr ihtil\u00e2flar\u0131n \u00e7\u00f6z\u00fcm\u00fcnde \u0130stanbulmahkemeleri ve icra daireleri yetkili olacak ve ihtil\u00e2f T\u00fcrkiye Cumhuriyeti kanunlar\u0131na g\u00f6re \u00e7\u00f6z\u00fclecektir. <\/p>\n\n<p>Avantaj Makine web sitesi, Kullan\u0131m \u015eartnamesi&#8217;nin herhangi bir maddesini, bildirimde bulunmaks\u0131z\u0131n de\u011fi\u015ftirme, yenileme veya iptal etme hakk\u0131na sahiptir. De\u011fi\u015ftirilen, yenilenen ya da y\u00fcr\u00fcrl\u00fckten kald\u0131r\u0131lan her t\u00fcrl\u00fc i\u00e7erik, yay\u0131n tarihinden itibaren t\u00fcm Kullan\u0131c\u0131lar bak\u0131m\u0131ndan h\u00fck\u00fcm ifade edecektir.<br\/>Kullan\u0131c\u0131, Avantaj Makine web sitesine girmekle yukar\u0131da belirtilen \u015fartlar\u0131 pe\u015finen kabul etmi\u015ftir. <\/p>\n\n<p><strong>Telif Hakk\u0131<\/strong><br\/><br\/>Copyright 2018 Avantaj Makine. T\u00fcm haklar\u0131 sakl\u0131d\u0131r. T\u00fcm metinler, resimler, grafikler, ses, video ve animasyon dosyalar\u0131 ve ayr\u0131ca bunlar\u0131n d\u00fczenlemeleri, fikri m\u00fclkiyet hakk\u0131n\u0131n korunmas\u0131 i\u00e7in telif hakk\u0131 ve di\u011fer yasalara tabidir. Bunlar, ticari veya da\u011f\u0131t\u0131m ama\u00e7l\u0131 kopyalanamaz, de\u011fi\u015ftirilemez ve ba\u015fka web sitelerinde kullan\u0131lamaz. Avantaj Makine\u2019nin baz\u0131 internet sayfalar\u0131, telif sahibinin kullan\u0131ma izin verdi\u011fi materyaller de i\u00e7ermektedir.    <\/p>\n\n<p><strong>\u00dcr\u00fcnler ve Fiyatlar<\/strong><br\/><br\/>Baz\u0131 sayfalar\u0131n redaksiyonu tamamland\u0131ktan sonra \u00fcr\u00fcnlerde ve hizmetlerde de\u011fi\u015fiklikler meydana gelmi\u015f olabilir. Teslimat s\u00fcresi i\u00e7erisinde yap\u0131sal veya \u015fekil de\u011fi\u015fiklikleri, renk tonunda sapmalar ve \u00fcretici taraf\u0131ndan teslimat veya hizmet kapsam\u0131nda de\u011fi\u015fiklik yapma hakk\u0131, de\u011fi\u015fiklikler veya sapmalar\u0131n, Avantaj Makine\u2019nin menfaatleri dikkate al\u0131narak m\u00fc\u015fteri i\u00e7in kabul edilebilir s\u0131n\u0131rlar dahilinde olmas\u0131 \u015fart\u0131yla sakl\u0131 tutulur. Resimlerde, standart teslimat veya hizmet kapsam\u0131nda olmayan \u00f6zellikler de veya ba\u015fka kapsamlar da g\u00f6sterilebilir. Renk sapmalar\u0131, teknik nedenlerden kaynaklanmaktad\u0131r. Hukuksal ve vergisel y\u00f6netmelikler ve bunlar\u0131n etkileri ile ilgili ifadeler, sadece T\u00fcrkiye Cumhuriyeti i\u00e7in ge\u00e7erlidir. Sat\u0131\u015f veya teslimat \u015fartlar\u0131nda aksi bir d\u00fczenleme belirtilmemesi durumunda, teslimat\u0131n ger\u00e7ekle\u015fti\u011fi g\u00fcn\u00fcn fiyatlar\u0131 ge\u00e7erlidir. S\u00f6zle\u015fmeli ortaklar\u0131m\u0131z i\u00e7in fiyatlar\u0131m\u0131z, ba\u011flay\u0131c\u0131 olmayan tavsiye niteli\u011finde fiyatlard\u0131r. Bu nedenle l\u00fctfen son durum ile ilgili bir bayiye veya s\u00f6zle\u015fmeli orta\u011fa dan\u0131\u015f\u0131n.       <\/p>\n\n<p><strong>Ticari Markalar<\/strong><br\/><br\/>Aksi belirtilmedi\u011fi s\u00fcrece Avantaj Makine&#8217;nin t\u00fcm internet sayfalar\u0131nda bulunan markalar yasal olarak korunan ticari markalar\u0131d\u0131r. Bu, \u00f6zellikle \u015firketlerin isimleri ve ayr\u0131ca t\u00fcm logo ve amblemler i\u00e7in de ge\u00e7erlidir. <\/p>\n\n<p><strong>Lisans Haklar\u0131<\/strong><br\/><br\/>Avantaj Makine olarak size yenilik\u00e7i ve bilgilendirici bir internet program\u0131 sunmak istiyoruz. Bu nedenle tasar\u0131mlar\u0131m\u0131zdan, sizin de bizim gibi memnun kalaca\u011f\u0131n\u0131z\u0131 \u00fcmit ediyoruz. Avantaj Makine&#8217;nin; patentler, ticari markalar ve telif haklar\u0131 dahil olmak \u00fczere fikri m\u00fclkiyetini korumas\u0131 gerekti\u011fini ve bu internet sayfalar\u0131n\u0131n Avantaj Makine&#8217;nin fikri m\u00fclkiyetine y\u00f6nelik herhangi bir lisans hakk\u0131 sa\u011flayamad\u0131\u011f\u0131n\u0131 anlay\u0131\u015fla kar\u015f\u0131laman\u0131z\u0131 rica ediyoruz.  <\/p>\n\n<p><strong>\u0130leriye d\u00f6n\u00fck ifadelerle ilgili hat\u0131rlatmalar<\/strong><br\/><br\/>\u0130nternet sayfalar\u0131, yat\u0131r\u0131mc\u0131 ili\u015fkileri b\u00fcltenleri, y\u0131ll\u0131k ve ara d\u00f6nem raporlar\u0131, \u00f6ng\u00f6r\u00fcler, sunumlar, etkinliklerin ses ve video yay\u0131nlar\u0131 (canl\u0131 veya bant olarak) ve bu web sitesindeki di\u011fer belgeler ayr\u0131ca y\u00f6netimin g\u00fcncel tahminlerine dayanan gelecekteki geli\u015ftirmeler ile ilgili ileriye d\u00f6n\u00fck ifadeler i\u00e7ermektedir. &#8220;\u00d6ng\u00f6rmek&#8221;, &#8220;varsaymak&#8221;, &#8220;inanmak&#8221;, &#8220;tahmin etmek&#8221;, &#8220;beklemek&#8221;, &#8220;ama\u00e7lamak&#8221;, &#8220;yapmak\/yapabilmek&#8221;, &#8220;planlamak&#8221;, &#8220;tasarlamak, &#8220;gerekli olmak&#8221; ve benzer kavramlar bu t\u00fcr ileriye d\u00f6n\u00fck ifadeleri tan\u0131mlamaktad\u0131r. Bu t\u00fcr ifadeler baz\u0131 riskler ve belirsizlikler bar\u0131nd\u0131rmaktad\u0131r. Bununla ilgili baz\u0131 \u00f6rnekler: sat\u0131\u015f b\u00f6lgelerinde konjonkt\u00fcr\u00fcn zay\u0131flamas\u0131; d\u00f6viz kurlar\u0131n\u0131n, faiz oranlar\u0131n\u0131n ve hammadde fiyatlar\u0131n\u0131n de\u011fi\u015fmesi; rakiplerin piyasaya \u00fcr\u00fcn s\u00fcrmesi; daha y\u00fcksek sat\u0131\u015f te\u015fvikleri; malzeme s\u0131k\u0131nt\u0131lar\u0131, i\u015f\u00e7i grevleri veya tedarik\u00e7i iflaslar\u0131 nedeniyle \u00fcretim malzemelerinin teslimat\u0131nda aksakl\u0131klar\u0131n ya\u015fanmas\u0131. Bu belirsizlik fakt\u00f6rlerinden birinin veya ba\u015fka \u00f6l\u00e7\u00fclemez veya \u00f6ng\u00f6r\u00fclemez durumlar\u0131n olu\u015fmas\u0131 veya ifadelere temel te\u015fkil eden varsay\u0131mlar\u0131n yanl\u0131\u015f oldu\u011fu ortaya \u00e7\u0131kmas\u0131 durumunda, ger\u00e7ek sonu\u00e7lar, bu ifadelerde belirtilen veya \u00fcst\u00fc kapal\u0131 olarak dile getirilen sonu\u00e7lardan \u00f6nemli \u00f6l\u00e7\u00fcde farkl\u0131l\u0131k g\u00f6sterebilir. \u0130leriye d\u00f6n\u00fck ifadeleri s\u00fcrekli olarak g\u00fcncelleme amac\u0131m\u0131z bulunmamakt\u0131r ve bununla ilgili herhangi bir sorumluluk \u00fcstlenmemekteyiz, \u00e7\u00fcnk\u00fc bunlar sadece yay\u0131nland\u0131klar\u0131 g\u00fcn\u00fcn ko\u015fullar\u0131na istinaden olu\u015fturulmu\u015f i\u00e7eriklerdir.     <\/p>\n\n<p><strong>Sorumluluk<\/strong><br\/><br\/>Bu sayfalardaki bilgiler ve beyanlar, a\u00e7\u0131k veya \u00fcst\u00fc kapal\u0131 bir \u015fekilde belirtilmi\u015f olsalar dahi herhangi bir teminat veya garanti olu\u015fturmaz. Bunlar; \u00f6zellikle nitelik, ticari yeterlilik, belirli ama\u00e7lara uygunluk veya yasalar\u0131 ve patentleri ihlal etmemeye ili\u015fkin herhangi bir z\u0131mni onay veya garanti olu\u015fturmaz. <\/p>\n\n<p>\u0130nternet sayfalar\u0131m\u0131zda, ba\u015fka internet sayfalar\u0131na y\u00f6nelik linkler de bulabilirsiniz. Y\u00f6nlendirme yap\u0131lan sayfalar\u0131n tasar\u0131m\u0131 ve i\u00e7eri\u011fi \u00fczerinde hi\u00e7bir etkiye sahip olmad\u0131\u011f\u0131m\u0131z\u0131 belirtmek isteriz. Bu nedenle, burada bulunan bilgilerin g\u00fcncelli\u011fi, do\u011frulu\u011fu, eksiksizli\u011fi veya kalitesi ile ilgili hi\u00e7bir sorumlulu\u011fu kabul edemeyiz. Bu \u00e7er\u00e7evede, i\u015f bu vesile ile bu sayfalar\u0131n t\u00fcm i\u00e7eriklerinden kendimizi muaf tutuyoruz. Bu a\u00e7\u0131klama, internet sayfalar\u0131m\u0131zda bulunan t\u00fcm harici sayfalara ve bunlar\u0131n i\u00e7eriklerine y\u00f6nelik linkler i\u00e7in ge\u00e7erlidir.    <\/p>\n\n<p>T\u00fcketicinin Korunmas\u0131 Hakk\u0131ndaki 6502 Say\u0131l\u0131 Kanun gere\u011fince hat\u0131rlatma sadece T\u00fcrkiye\u2019deki kullan\u0131c\u0131lar i\u00e7in ge\u00e7erlidir: Avantaj Makine, herhangi bir t\u00fcketici uzla\u015ft\u0131rma kurulu kar\u015f\u0131s\u0131nda bir anla\u015fmazl\u0131k \u00e7\u00f6z\u00fcm\u00fc s\u00fcrecine kat\u0131lmayacakt\u0131r ve bunu yapmak zorunda da de\u011fildir.<\/p>\n\n<p><\/p>\n","protected":false},"excerpt":{"rendered":"<p>Say\u0131n Kullan\u0131c\u0131, AvantajMakine.com web sitesine ho\u015f geldiniz. A\u015fa\u011f\u0131da &#8220;Kullan\u0131m \u015eartnamesi&#8221;, Avantaj Makine web sitesinin, siz de\u011ferli kullan\u0131c\u0131lar\u0131m\u0131za sa\u011flad\u0131\u011f\u0131 bilgi ve<\/p>\n","protected":false},"author":1,"featured_media":0,"parent":0,"menu_order":0,"comment_status":"closed","ping_status":"closed","template":"","meta":{"footnotes":""},"class_list":["post-16816","page","type-page","status-publish","hentry"],"_links":{"self":[{"href":"https:\/\/avantajmakine.com\/en\/wp-json\/wp\/v2\/pages\/16816","targetHints":{"allow":["GET"]}}],"collection":[{"href":"https:\/\/avantajmakine.com\/en\/wp-json\/wp\/v2\/pages"}],"about":[{"href":"https:\/\/avantajmakine.com\/en\/wp-json\/wp\/v2\/types\/page"}],"author":[{"embeddable":true,"href":"https:\/\/avantajmakine.com\/en\/wp-json\/wp\/v2\/users\/1"}],"replies":[{"embeddable":true,"href":"https:\/\/avantajmakine.com\/en\/wp-json\/wp\/v2\/comments?post=16816"}],"version-history":[{"count":1,"href":"https:\/\/avantajmakine.com\/en\/wp-json\/wp\/v2\/pages\/16816\/revisions"}],"predecessor-version":[{"id":16818,"href":"https:\/\/avantajmakine.com\/en\/wp-json\/wp\/v2\/pages\/16816\/revisions\/16818"}],"wp:attachment":[{"href":"https:\/\/avantajmakine.com\/en\/wp-json\/wp\/v2\/media?parent=16816"}],"curies":[{"name":"wp","href":"https:\/\/api.w.org\/{rel}","templated":true}]}}