{"id":16830,"date":"2024-12-27T19:21:52","date_gmt":"2024-12-27T19:21:52","guid":{"rendered":"https:\/\/avantajmakine.com\/information-society-services\/"},"modified":"2025-01-11T18:04:58","modified_gmt":"2025-01-11T18:04:58","slug":"information-society-services","status":"publish","type":"page","link":"https:\/\/avantajmakine.com\/en\/information-society-services\/","title":{"rendered":"Information Society Services"},"content":{"rendered":"\n<p>\u00bb <a href=\"http:\/\/www.avantajmakine.com\/bilgi_toplumu.asp\">Information Society Services<\/a><br\/><\/p>\n\n<h1 class=\"wp-block-heading\" id=\"title\">Information Society Services<\/h1>\n\n<h1 class=\"wp-block-heading\"><\/h1>\n\n<div class=\"wp-block-columns is-layout-flex wp-container-core-columns-is-layout-9d6595d7 wp-block-columns-is-layout-flex\">\n<div class=\"wp-block-column is-layout-flow wp-block-column-is-layout-flow\" style=\"flex-basis:100%\">\n<figure class=\"wp-block-table is-style-regular\"><table class=\"has-fixed-layout\"><tbody><tr><td colspan=\"3\"><strong>Company information:<\/strong> <\/td><\/tr><tr><td><strong>Company type:<\/strong><\/td><td colspan=\"2\">Joint-stock company<\/td><\/tr><tr><td><strong>MERSIS Number:<\/strong><\/td><td colspan=\"2\">0104-1822-7090-0001<\/td><\/tr><tr><td><strong>Trade Registry Office: <\/strong><\/td><td colspan=\"2\">Istanbul Chamber of Commerce<\/td><\/tr><tr><td><strong>Trade Registry Number:<\/strong><\/td><td colspan=\"2\">662430\/0<\/td><\/tr><tr><td><strong>Trade Name:<\/strong><\/td><td colspan=\"2\">Avantaj Makine San ve Tic. A.\u015e.<\/td><\/tr><tr><td><strong>Chairman of the Board:<\/strong><\/td><td colspan=\"2\">Kahan \u00dcn<\/td><\/tr><tr><td><strong>Address:<\/strong><\/td><td colspan=\"2\">Yeni\u015fehir Mah. Akkaya Sok. Yolkent Sit. C-Blok, No:2 Pendik, 34912-\u0130stanbul, T\u00fcrkiye<\/td><\/tr><tr><td><strong>Subscribed Capital Amount:<\/strong><\/td><td colspan=\"2\">50.000,00 TL<\/td><\/tr><tr><td><strong>Paid-up Capital Amount:<\/strong><\/td><td colspan=\"2\">50.000,00 TL<\/td><\/tr><tr><td><strong>Company Registration Date:<\/strong><\/td><td colspan=\"2\">10.04.2008, 29.04.2022<\/td><\/tr><tr><td><strong>Tax Office:<\/strong><\/td><td colspan=\"2\">\u0130stanbul, Pendik V.D.<\/td><\/tr><tr><td><strong>Tax Number:<\/strong><\/td><td colspan=\"2\">104 182 2709<\/td><\/tr><tr><td><strong>Sector:<\/strong><\/td><td colspan=\"2\">Ana Nace: 46.72.09 ; Tali Naceler:46.14.02 &#8211; 46.69.06 &#8211; 45.31.11 &#8211; 62.01.01<br\/>Meslek Grubu: 55<a><\/a><\/td><\/tr><tr><td><strong>Contact Information:<\/strong><\/td><td colspan=\"2\">Telefon: (216) 685 1249<br\/>Faks: (216) 685 1258, 639 4142 <br\/>Cep: (532) 576 2984<br\/>\u0130nternet Adresi: www.AvantajMakine.com<br\/>E-mail Adresi: <a href=\"mailto:info@AvantajMakine.com\">i n f o @ A v a n t a j M a k i n e .c o m<\/a><\/td><\/tr><\/tbody><\/table><\/figure>\n<\/div>\n<\/div>\n","protected":false},"excerpt":{"rendered":"<p>\u00bb Information Society Services Information Society Services Company information: Company type: Joint-stock company MERSIS Number: 0104-1822-7090-0001 Trade Registry Office: Istanbul<\/p>\n","protected":false},"author":1,"featured_media":0,"parent":0,"menu_order":0,"comment_status":"closed","ping_status":"closed","template":"","meta":{"footnotes":""},"class_list":["post-16830","page","type-page","status-publish","hentry"],"_links":{"self":[{"href":"https:\/\/avantajmakine.com\/en\/wp-json\/wp\/v2\/pages\/16830","targetHints":{"allow":["GET"]}}],"collection":[{"href":"https:\/\/avantajmakine.com\/en\/wp-json\/wp\/v2\/pages"}],"about":[{"href":"https:\/\/avantajmakine.com\/en\/wp-json\/wp\/v2\/types\/page"}],"author":[{"embeddable":true,"href":"https:\/\/avantajmakine.com\/en\/wp-json\/wp\/v2\/users\/1"}],"replies":[{"embeddable":true,"href":"https:\/\/avantajmakine.com\/en\/wp-json\/wp\/v2\/comments?post=16830"}],"version-history":[{"count":1,"href":"https:\/\/avantajmakine.com\/en\/wp-json\/wp\/v2\/pages\/16830\/revisions"}],"predecessor-version":[{"id":16832,"href":"https:\/\/avantajmakine.com\/en\/wp-json\/wp\/v2\/pages\/16830\/revisions\/16832"}],"wp:attachment":[{"href":"https:\/\/avantajmakine.com\/en\/wp-json\/wp\/v2\/media?parent=16830"}],"curies":[{"name":"wp","href":"https:\/\/api.w.org\/{rel}","templated":true}]}}