{"id":16789,"date":"2021-10-12T16:27:24","date_gmt":"2021-10-12T16:27:24","guid":{"rendered":"https:\/\/avantajmakine.com\/%d0%ba%d0%be%d0%bd%d1%82%d0%b0%d0%ba%d1%82%d1%8b\/"},"modified":"2025-01-11T09:29:59","modified_gmt":"2025-01-11T09:29:59","slug":"%d0%ba%d0%be%d0%bd%d1%82%d0%b0%d0%ba%d1%82%d1%8b","status":"publish","type":"page","link":"https:\/\/avantajmakine.com\/ru\/%d0%ba%d0%be%d0%bd%d1%82%d0%b0%d0%ba%d1%82%d1%8b\/","title":{"rendered":"\u041a\u043e\u043d\u0442\u0430\u043a\u0442\u044b"},"content":{"rendered":"\t\t<div data-elementor-type=\"wp-page\" data-elementor-id=\"16789\" class=\"elementor elementor-16789\">\n\t\t\t\t<div class=\"wd-negative-gap elementor-element elementor-element-f7f487c e-flex e-con-boxed e-con e-parent\" data-id=\"f7f487c\" data-element_type=\"container\" data-e-type=\"container\">\n\t\t\t\t\t<div class=\"e-con-inner\">\n\t\t<div class=\"elementor-element elementor-element-ed8c696 e-con-full e-flex e-con e-child\" data-id=\"ed8c696\" data-element_type=\"container\" data-e-type=\"container\" data-settings=\"{&quot;background_background&quot;:&quot;classic&quot;}\">\n\t\t\t\t<div class=\"elementor-element elementor-element-75400ed wd-width-100 elementor-widget elementor-widget-wd_title\" data-id=\"75400ed\" data-element_type=\"widget\" data-e-type=\"widget\" data-widget_type=\"wd_title.default\">\n\t\t\t\t<div class=\"elementor-widget-container\">\n\t\t\t\t\t\t\t<div class=\"title-wrapper wd-set-mb reset-last-child wd-title-color-default wd-title-style-default wd-title-size-default text-left\">\n\n\t\t\t\n\t\t\t<div class=\"liner-continer\">\n\t\t\t\t<h4 class=\"woodmart-title-container title wd-fontsize-l\">\u0421\u0432\u044f\u0436\u0438\u0442\u0435\u0441\u044c \u0441 \u043d\u0430\u043c\u0438<\/h4> \n\t\t\t\t\t\t\t<\/div>\n\n\t\t\t\t\t<\/div>\n\t\t\t\t\t\t<\/div>\n\t\t\t\t<\/div>\n\t\t\t\t<div class=\"elementor-element elementor-element-f84024c wd-width-100 elementor-widget elementor-widget-wd_title\" data-id=\"f84024c\" data-element_type=\"widget\" data-e-type=\"widget\" data-widget_type=\"wd_title.default\">\n\t\t\t\t<div class=\"elementor-widget-container\">\n\t\t\t\t\t\t\t<div class=\"title-wrapper wd-set-mb reset-last-child wd-title-color-default wd-title-style-default wd-title-size-small text-left\">\n\n\t\t\t\n\t\t\t<div class=\"liner-continer\">\n\t\t\t\t<h4 class=\"woodmart-title-container title wd-fontsize-m\">Avantaj Makine San. ve Tic. A.\u015e.<\/h4> \n\t\t\t\t\t\t\t<\/div>\n\n\t\t\t\t\t<\/div>\n\t\t\t\t\t\t<\/div>\n\t\t\t\t<\/div>\n\t\t<div class=\"elementor-element elementor-element-45b88bb e-con-full e-flex e-con e-child\" data-id=\"45b88bb\" data-element_type=\"container\" data-e-type=\"container\">\n\t\t<div class=\"elementor-element elementor-element-bbf2c31 e-con-full e-flex e-con e-child\" data-id=\"bbf2c31\" data-element_type=\"container\" data-e-type=\"container\">\n\t\t<div class=\"elementor-element elementor-element-c9fdb86 e-con-full e-flex e-con e-child\" data-id=\"c9fdb86\" data-element_type=\"container\" data-e-type=\"container\">\n\t\t<div class=\"elementor-element elementor-element-adfab7b e-con-full e-flex e-con e-child\" data-id=\"adfab7b\" data-element_type=\"container\" data-e-type=\"container\">\n\t\t<div class=\"elementor-element elementor-element-f2c2af2 e-con-full e-flex e-con e-child\" data-id=\"f2c2af2\" data-element_type=\"container\" data-e-type=\"container\">\n\t\t\t\t<div class=\"elementor-element elementor-element-feaa094 elementor-widget__width-initial elementor-widget elementor-widget-wd_infobox\" data-id=\"feaa094\" data-element_type=\"widget\" data-e-type=\"widget\" data-widget_type=\"wd_infobox.default\">\n\t\t\t\t<div class=\"elementor-widget-container\">\n\t\t\t\t\t\t\t<div class=\"info-box-wrapper\">\n\t\t\t<div class=\"wd-info-box text-left box-icon-align-top box-style-base color-scheme-\">\n\t\t\t\t\n\t\t\t\t<div class=\"info-box-content\">\n\t\t\t\t\t\n\t\t\t\t\t\t\t\t\t\t\t<h4\t\t\t\t\t\tclass=\"info-box-title title box-title-style-default wd-fontsize-m\" data-elementor-setting-key=\"title\">\n\t\t\t\t\t\t\t\t\u0410\u0434\u0440\u0435\u0441 \u043e\u0444\u0438\u0441\u0430\t\t\t\t\t\t<\/h4>\n\t\t\t\t\t\n\t\t\t\t\t<div class=\"info-box-inner reset-last-child\"data-elementor-setting-key=\"content\"><p>Yeni\u015fehir Mah. Akkaya Sok. Yolkent Sit. C-Blok, No:2 Pendik, 34912-\u0130stanbul, T\u00fcrkiye<\/p>\n<p><a href=\"tel:Phone%20(Mobile):%20+90%20532%20576%2029%2084%20Phone%20(Office):%20+90%20216%20685%2012%2049%20Fax:%20+90%20216%20685%2012%2049%20\/%20+90%20216%20639%2041%2042\">Phone (Mobile): +90 532 576 29 84 <\/a><\/p>\n<p><a href=\"tel:Phone%20(Mobile):%20+90%20532%20576%2029%2084%20Phone%20(Office):%20+90%20216%20685%2012%2049%20Fax:%20+90%20216%20685%2012%2049%20\/%20+90%20216%20639%2041%2042\">Phone (Office): +90 216 685 12 49 <\/a><\/p>\n<p><a href=\"tel:Phone%20(Mobile):%20+90%20532%20576%2029%2084%20Phone%20(Office):%20+90%20216%20685%2012%2049%20Fax:%20+90%20216%20685%2012%2049%20\/%20+90%20216%20639%2041%2042\">Fax: +90 216 685 12 49<\/a><\/p>\n<p><a href=\"tel:Phone%20(Mobile):%20+90%20532%20576%2029%2084%20Phone%20(Office):%20+90%20216%20685%2012%2049%20Fax:%20+90%20216%20685%2012%2049%20\/%20+90%20216%20639%2041%2042\">  +90 216 639 41 42<\/a><\/p>\n<p><span style=\"color: #242424;\"><strong>Email: <\/strong><\/span>info@avantajmakine.com<\/p>\n<\/div>\n\n\t\t\t\t\t\t\t\t\t<\/div>\n\n\t\t\t\t\t\t\t<\/div>\n\t\t<\/div>\n\t\t\t\t\t\t<\/div>\n\t\t\t\t<\/div>\n\t\t<div class=\"elementor-element elementor-element-744405b e-con-full e-flex e-con e-child\" data-id=\"744405b\" data-element_type=\"container\" data-e-type=\"container\" data-settings=\"{&quot;background_background&quot;:&quot;classic&quot;}\">\n\t\t\t\t<div class=\"elementor-element elementor-element-9cecbd7 elementor-widget elementor-widget-wd_list\" data-id=\"9cecbd7\" data-element_type=\"widget\" data-e-type=\"widget\" data-widget_type=\"wd_list.default\">\n\t\t\t\t<div class=\"elementor-widget-container\">\n\t\t\t\t\t\t\t<ul class=\"wd-list color-scheme-custom wd-fontsize-xs wd-type-icon wd-style-default text-left\">\n\t\t\t\t\t\t\t\t\t\t\t<li class=\"elementor-repeater-item-b7e03af\">\n\t\t\t\t\t\t\t\t\t\t\t<span class=\"wd-icon\"><img decoding=\"async\"  src=\"https:\/\/avantajmakine.com\/wp-content\/uploads\/2024\/12\/phone.svg\" title=\"phone.svg\" loading=\"lazy\" width=\"32\" height=\"32\"><\/span>\t\t\t\t\t\n\t\t\t\t\t<span class=\"wd-list-content list-content\">\n\t\t\t\t\t\t\t\t\t\t\t\t\t<a  href=\"#\">\n\t\t\t\t\t\t\t\t+90 532 576 29 84\t\t\t\t\t\t\t<\/a>\n\t\t\t\t\t\t\t\t\t\t\t<\/span>\n\t\t\t\t<\/li>\n\t\t\t\t\t\t\t\t\t\t\t<li class=\"elementor-repeater-item-291ad44\">\n\t\t\t\t\t\t\t\t\t\t\t<span class=\"wd-icon\"><img loading=\"lazy\" decoding=\"async\" width=\"32\" height=\"32\" src=\"https:\/\/avantajmakine.com\/wp-content\/uploads\/2024\/12\/vecteezy_line-logo-png-line-icon-transparent-png_18930447-e1732795179286-32x32.png\" class=\"attachment-32x32 size-32x32\" alt=\"\" srcset=\"https:\/\/avantajmakine.com\/wp-content\/uploads\/2024\/12\/vecteezy_line-logo-png-line-icon-transparent-png_18930447-e1732795179286-32x32.png 32w, https:\/\/avantajmakine.com\/wp-content\/uploads\/2024\/12\/vecteezy_line-logo-png-line-icon-transparent-png_18930447-e1732795179286-301x300.png 301w, https:\/\/avantajmakine.com\/wp-content\/uploads\/2024\/12\/vecteezy_line-logo-png-line-icon-transparent-png_18930447-e1732795179286-804x800.png 804w, https:\/\/avantajmakine.com\/wp-content\/uploads\/2024\/12\/vecteezy_line-logo-png-line-icon-transparent-png_18930447-e1732795179286-150x150.png 150w, https:\/\/avantajmakine.com\/wp-content\/uploads\/2024\/12\/vecteezy_line-logo-png-line-icon-transparent-png_18930447-e1732795179286-768x765.png 768w, https:\/\/avantajmakine.com\/wp-content\/uploads\/2024\/12\/vecteezy_line-logo-png-line-icon-transparent-png_18930447-e1732795179286-1536x1529.png 1536w, https:\/\/avantajmakine.com\/wp-content\/uploads\/2024\/12\/vecteezy_line-logo-png-line-icon-transparent-png_18930447-e1732795179286.png 1800w\" sizes=\"auto, (max-width: 32px) 100vw, 32px\" \/><\/span>\t\t\t\t\t\n\t\t\t\t\t<span class=\"wd-list-content list-content\">\n\t\t\t\t\t\t\t\t\t\t\t\t\t<a  href=\"#\">\n\t\t\t\t\t\t\t\tLine: KahanUn\t\t\t\t\t\t\t<\/a>\n\t\t\t\t\t\t\t\t\t\t\t<\/span>\n\t\t\t\t<\/li>\n\t\t\t\t\t\t\t\t\t\t\t<li class=\"elementor-repeater-item-dc81d72\">\n\t\t\t\t\t\t\t\t\t\t\t<span class=\"wd-icon\"><img loading=\"lazy\" decoding=\"async\" width=\"32\" height=\"32\" src=\"https:\/\/avantajmakine.com\/wp-content\/uploads\/2024\/12\/Skype_logo_2019\u2013present.svg-32x32.png\" class=\"attachment-32x32 size-32x32\" alt=\"\" srcset=\"https:\/\/avantajmakine.com\/wp-content\/uploads\/2024\/12\/Skype_logo_2019\u2013present.svg-32x32.png 32w, https:\/\/avantajmakine.com\/wp-content\/uploads\/2024\/12\/Skype_logo_2019\u2013present.svg-297x300.png 297w, https:\/\/avantajmakine.com\/wp-content\/uploads\/2024\/12\/Skype_logo_2019\u2013present.svg-792x800.png 792w, https:\/\/avantajmakine.com\/wp-content\/uploads\/2024\/12\/Skype_logo_2019\u2013present.svg-150x150.png 150w, https:\/\/avantajmakine.com\/wp-content\/uploads\/2024\/12\/Skype_logo_2019\u2013present.svg-768x776.png 768w, https:\/\/avantajmakine.com\/wp-content\/uploads\/2024\/12\/Skype_logo_2019\u2013present.svg.png 1200w\" sizes=\"auto, (max-width: 32px) 100vw, 32px\" \/><\/span>\t\t\t\t\t\n\t\t\t\t\t<span class=\"wd-list-content list-content\">\n\t\t\t\t\t\t\t\t\t\t\t\t\t<a  href=\"#\">\n\t\t\t\t\t\t\t\tSkype: Kahan.Un\t\t\t\t\t\t\t<\/a>\n\t\t\t\t\t\t\t\t\t\t\t<\/span>\n\t\t\t\t<\/li>\n\t\t\t\t\t\t\t\t\t\t\t<li class=\"elementor-repeater-item-b4e1d1a\">\n\t\t\t\t\t\t\t\t\t\t\t<span class=\"wd-icon\"><img loading=\"lazy\" decoding=\"async\" width=\"32\" height=\"32\" src=\"https:\/\/avantajmakine.com\/wp-content\/uploads\/2024\/12\/vecteezy_wechat-logo-png-wechat-logo-transparent-png-wechat-icon_23986721-e1732795320967-32x32.png\" class=\"attachment-32x32 size-32x32\" alt=\"\" srcset=\"https:\/\/avantajmakine.com\/wp-content\/uploads\/2024\/12\/vecteezy_wechat-logo-png-wechat-logo-transparent-png-wechat-icon_23986721-e1732795320967-32x32.png 32w, https:\/\/avantajmakine.com\/wp-content\/uploads\/2024\/12\/vecteezy_wechat-logo-png-wechat-logo-transparent-png-wechat-icon_23986721-e1732795320967-303x300.png 303w, https:\/\/avantajmakine.com\/wp-content\/uploads\/2024\/12\/vecteezy_wechat-logo-png-wechat-logo-transparent-png-wechat-icon_23986721-e1732795320967-807x800.png 807w, https:\/\/avantajmakine.com\/wp-content\/uploads\/2024\/12\/vecteezy_wechat-logo-png-wechat-logo-transparent-png-wechat-icon_23986721-e1732795320967-150x150.png 150w, https:\/\/avantajmakine.com\/wp-content\/uploads\/2024\/12\/vecteezy_wechat-logo-png-wechat-logo-transparent-png-wechat-icon_23986721-e1732795320967-768x761.png 768w, https:\/\/avantajmakine.com\/wp-content\/uploads\/2024\/12\/vecteezy_wechat-logo-png-wechat-logo-transparent-png-wechat-icon_23986721-e1732795320967.png 1473w\" sizes=\"auto, (max-width: 32px) 100vw, 32px\" \/><\/span>\t\t\t\t\t\n\t\t\t\t\t<span class=\"wd-list-content list-content\">\n\t\t\t\t\t\t\t\t\t\t\t\t\t<a  href=\"#\">\n\t\t\t\t\t\t\t\tWeChat: KahanUn\t\t\t\t\t\t\t<\/a>\n\t\t\t\t\t\t\t\t\t\t\t<\/span>\n\t\t\t\t<\/li>\n\t\t\t\t\t\t\t\t\t\t\t<li class=\"elementor-repeater-item-c05932f\">\n\t\t\t\t\t\t\t\t\t\t\t<span class=\"wd-icon\"><img decoding=\"async\"  src=\"https:\/\/avantajmakine.com\/wp-content\/uploads\/2024\/12\/email.svg\" title=\"email.svg\" loading=\"lazy\" width=\"32\" height=\"32\"><\/span>\t\t\t\t\t\n\t\t\t\t\t<span class=\"wd-list-content list-content\">\n\t\t\t\t\t\t\t\t\t\t\t\t\t<a  href=\"mailto:%20info@avantajmakine.com\">\n\t\t\t\t\t\t\t\tEmail: info@avantajmakine.com\t\t\t\t\t\t\t<\/a>\n\t\t\t\t\t\t\t\t\t\t\t<\/span>\n\t\t\t\t<\/li>\n\t\t\t\t\t<\/ul>\n\n\t\t\t\t\t\t<\/div>\n\t\t\t\t<\/div>\n\t\t\t\t<\/div>\n\t\t\t\t<\/div>\n\t\t\t\t<\/div>\n\t\t\t\t<\/div>\n\t\t\t\t<\/div>\n\t\t\t\t<\/div>\n\t\t\t\t<\/div>\n\t\t\t\t\t<\/div>\n\t\t\t\t<\/div>\n\t\t\t\t<\/div>\n\t\t","protected":false},"excerpt":{"rendered":"<p>\u0421\u0432\u044f\u0436\u0438\u0442\u0435\u0441\u044c \u0441 \u043d\u0430\u043c\u0438 Avantaj Makine San. ve Tic. A.\u015e. \u0410\u0434\u0440\u0435\u0441 \u043e\u0444\u0438\u0441\u0430 Yeni\u015fehir Mah. Akkaya Sok. Yolkent Sit. C-Blok, No:2 Pendik,<\/p>\n","protected":false},"author":1,"featured_media":0,"parent":0,"menu_order":0,"comment_status":"closed","ping_status":"closed","template":"","meta":{"footnotes":""},"class_list":["post-16789","page","type-page","status-publish","hentry"],"_links":{"self":[{"href":"https:\/\/avantajmakine.com\/ru\/wp-json\/wp\/v2\/pages\/16789","targetHints":{"allow":["GET"]}}],"collection":[{"href":"https:\/\/avantajmakine.com\/ru\/wp-json\/wp\/v2\/pages"}],"about":[{"href":"https:\/\/avantajmakine.com\/ru\/wp-json\/wp\/v2\/types\/page"}],"author":[{"embeddable":true,"href":"https:\/\/avantajmakine.com\/ru\/wp-json\/wp\/v2\/users\/1"}],"replies":[{"embeddable":true,"href":"https:\/\/avantajmakine.com\/ru\/wp-json\/wp\/v2\/comments?post=16789"}],"version-history":[{"count":1,"href":"https:\/\/avantajmakine.com\/ru\/wp-json\/wp\/v2\/pages\/16789\/revisions"}],"predecessor-version":[{"id":16791,"href":"https:\/\/avantajmakine.com\/ru\/wp-json\/wp\/v2\/pages\/16789\/revisions\/16791"}],"wp:attachment":[{"href":"https:\/\/avantajmakine.com\/ru\/wp-json\/wp\/v2\/media?parent=16789"}],"curies":[{"name":"wp","href":"https:\/\/api.w.org\/{rel}","templated":true}]}}