{"id":16833,"date":"2024-12-27T19:21:52","date_gmt":"2024-12-27T19:21:52","guid":{"rendered":"https:\/\/avantajmakine.com\/%d1%83%d1%81%d0%bb%d1%83%d0%b3%d0%b8-%d0%b8%d0%bd%d1%84%d0%be%d1%80%d0%bc%d0%b0%d1%86%d0%b8%d0%be%d0%bd%d0%bd%d0%be%d0%b3%d0%be-%d0%be%d0%b1%d1%89%d0%b5%d1%81%d1%82%d0%b2%d0%b0\/"},"modified":"2025-01-11T18:05:30","modified_gmt":"2025-01-11T18:05:30","slug":"%d1%83%d1%81%d0%bb%d1%83%d0%b3%d0%b8-%d0%b8%d0%bd%d1%84%d0%be%d1%80%d0%bc%d0%b0%d1%86%d0%b8%d0%be%d0%bd%d0%bd%d0%be%d0%b3%d0%be-%d0%be%d0%b1%d1%89%d0%b5%d1%81%d1%82%d0%b2%d0%b0","status":"publish","type":"page","link":"https:\/\/avantajmakine.com\/ru\/%d1%83%d1%81%d0%bb%d1%83%d0%b3%d0%b8-%d0%b8%d0%bd%d1%84%d0%be%d1%80%d0%bc%d0%b0%d1%86%d0%b8%d0%be%d0%bd%d0%bd%d0%be%d0%b3%d0%be-%d0%be%d0%b1%d1%89%d0%b5%d1%81%d1%82%d0%b2%d0%b0\/","title":{"rendered":"\u0423\u0441\u043b\u0443\u0433\u0438 \u0438\u043d\u0444\u043e\u0440\u043c\u0430\u0446\u0438\u043e\u043d\u043d\u043e\u0433\u043e \u043e\u0431\u0449\u0435\u0441\u0442\u0432\u0430"},"content":{"rendered":"\n<p><a href=\"http:\/\/www.avantajmakine.com\/bilgi-toplumu-hizmetleri\">\u00bb \u0423\u0441\u043b\u0443\u0433\u0438 \u0438\u043d\u0444\u043e\u0440\u043c\u0430\u0446\u0438\u043e\u043d\u043d\u043e\u0433\u043e \u043e\u0431\u0449\u0435\u0441\u0442\u0432\u0430<\/a><\/p>\n\n<h1 class=\"wp-block-heading\" id=\"title\">\u0423\u0441\u043b\u0443\u0433\u0438 \u0438\u043d\u0444\u043e\u0440\u043c\u0430\u0446\u0438\u043e\u043d\u043d\u043e\u0433\u043e \u043e\u0431\u0449\u0435\u0441\u0442\u0432\u0430<\/h1>\n\n<h1 class=\"wp-block-heading\"><\/h1>\n\n<div class=\"wp-block-columns is-layout-flex wp-container-core-columns-is-layout-9d6595d7 wp-block-columns-is-layout-flex\">\n<div class=\"wp-block-column is-layout-flow wp-block-column-is-layout-flow\" style=\"flex-basis:100%\">\n<figure class=\"wp-block-table is-style-regular\"><table class=\"has-fixed-layout\"><tbody><tr><td colspan=\"3\"><strong>\u0418\u043d\u0444\u043e\u0440\u043c\u0430\u0446\u0438\u044f \u043e \u043a\u043e\u043c\u043f\u0430\u043d\u0438\u0438:<\/strong> <\/td><\/tr><tr><td><strong>\u0422\u0438\u043f \u043a\u043e\u043c\u043f\u0430\u043d\u0438\u0438:<\/strong><\/td><td colspan=\"2\">\u0410\u043a\u0446\u0438\u043e\u043d\u0435\u0440\u043d\u043e\u0435 \u043e\u0431\u0449\u0435\u0441\u0442\u0432\u043e<\/td><\/tr><tr><td><strong>\u041d\u043e\u043c\u0435\u0440 MERSIS:<\/strong><\/td><td colspan=\"2\">0104-1822-7090-0001<\/td><\/tr><tr><td><strong>\u0422\u043e\u0440\u0433\u043e\u0432\u044b\u0439 \u0440\u0435\u0435\u0441\u0442\u0440: <\/strong><\/td><td colspan=\"2\">\u0422\u043e\u0440\u0433\u043e\u0432\u043e-\u043f\u0440\u043e\u043c\u044b\u0448\u043b\u0435\u043d\u043d\u0430\u044f \u043f\u0430\u043b\u0430\u0442\u0430 \u0421\u0442\u0430\u043c\u0431\u0443\u043b\u0430<\/td><\/tr><tr><td><strong>\u041d\u043e\u043c\u0435\u0440 \u0442\u043e\u0440\u0433\u043e\u0432\u043e\u0433\u043e \u0440\u0435\u0435\u0441\u0442\u0440\u0430:<\/strong><\/td><td colspan=\"2\">662430\/0<\/td><\/tr><tr><td><strong>\u0422\u043e\u0440\u0433\u043e\u0432\u043e\u0435 \u043d\u0430\u0438\u043c\u0435\u043d\u043e\u0432\u0430\u043d\u0438\u0435:<\/strong><\/td><td colspan=\"2\">Avantaj Makine San ve Tic. A.\u015e.<\/td><\/tr><tr><td><strong>\u041f\u0440\u0435\u0434\u0441\u0435\u0434\u0430\u0442\u0435\u043b\u044c \u043f\u0440\u0430\u0432\u043b\u0435\u043d\u0438\u044f:<\/strong><\/td><td colspan=\"2\">Kahan \u00dcn<\/td><\/tr><tr><td><strong>\u0410\u0434\u0440\u0435\u0441:<\/strong><\/td><td colspan=\"2\">Yeni\u015fehir Mah. Akkaya Sok. Yolkent Sit. C-Blok, No:2 Pendik, 34912-\u0130stanbul, T\u00fcrkiye<\/td><\/tr><tr><td><strong>\u0421\u0443\u043c\u043c\u0430 \u043f\u043e\u0434\u043f\u0438\u0441\u0430\u043d\u043d\u043e\u0433\u043e \u043a\u0430\u043f\u0438\u0442\u0430\u043b\u0430:<\/strong><\/td><td colspan=\"2\">50.000,00 TL<\/td><\/tr><tr><td><strong>\u0421\u0443\u043c\u043c\u0430 \u043e\u043f\u043b\u0430\u0447\u0435\u043d\u043d\u043e\u0433\u043e \u043a\u0430\u043f\u0438\u0442\u0430\u043b\u0430:<\/strong><\/td><td colspan=\"2\">50.000,00 TL<\/td><\/tr><tr><td><strong>\u0414\u0430\u0442\u0430 \u0440\u0435\u0433\u0438\u0441\u0442\u0440\u0430\u0446\u0438\u0438 \u043a\u043e\u043c\u043f\u0430\u043d\u0438\u0438:<\/strong><\/td><td colspan=\"2\">10.04.2008, 29.04.2022<\/td><\/tr><tr><td><strong>\u041d\u0430\u043b\u043e\u0433\u043e\u0432\u0430\u044f \u0441\u043b\u0443\u0436\u0431\u0430:<\/strong><\/td><td colspan=\"2\">\u0130stanbul, Pendik V.D.<\/td><\/tr><tr><td><strong>\u041d\u0430\u043b\u043e\u0433\u043e\u0432\u044b\u0439 \u043d\u043e\u043c\u0435\u0440:<\/strong><\/td><td colspan=\"2\">104 182 2709<\/td><\/tr><tr><td><strong>\u0421\u0435\u043a\u0442\u043e\u0440:<\/strong><\/td><td colspan=\"2\">Ana Nace: 46.72.09 ; Tali Naceler:46.14.02 &#8212; 46.69.06 &#8212; 45.31.11 &#8212; 62.01.01<br\/>Meslek Grubu: 55<a><\/a><\/td><\/tr><tr><td><strong>\u041a\u043e\u043d\u0442\u0430\u043a\u0442\u043d\u0430\u044f \u0438\u043d\u0444\u043e\u0440\u043c\u0430\u0446\u0438\u044f:<\/strong><\/td><td colspan=\"2\">Telefon: (216) 685 1249<br\/>Faks: (216) 685 1258, 639 4142 <br\/>Cep: (532) 576 2984<br\/>\u0130nternet Adresi: www.AvantajMakine.com<br\/>E-mail Adresi: <a href=\"mailto:info@AvantajMakine.com\">i n f o @ A v a n t a j M a k i n e .c o m<\/a><\/td><\/tr><\/tbody><\/table><\/figure>\n<\/div>\n<\/div>\n","protected":false},"excerpt":{"rendered":"<p>\u00bb \u0423\u0441\u043b\u0443\u0433\u0438 \u0438\u043d\u0444\u043e\u0440\u043c\u0430\u0446\u0438\u043e\u043d\u043d\u043e\u0433\u043e \u043e\u0431\u0449\u0435\u0441\u0442\u0432\u0430 \u0423\u0441\u043b\u0443\u0433\u0438 \u0438\u043d\u0444\u043e\u0440\u043c\u0430\u0446\u0438\u043e\u043d\u043d\u043e\u0433\u043e \u043e\u0431\u0449\u0435\u0441\u0442\u0432\u0430 \u0418\u043d\u0444\u043e\u0440\u043c\u0430\u0446\u0438\u044f \u043e \u043a\u043e\u043c\u043f\u0430\u043d\u0438\u0438: \u0422\u0438\u043f \u043a\u043e\u043c\u043f\u0430\u043d\u0438\u0438: \u0410\u043a\u0446\u0438\u043e\u043d\u0435\u0440\u043d\u043e\u0435 \u043e\u0431\u0449\u0435\u0441\u0442\u0432\u043e \u041d\u043e\u043c\u0435\u0440 MERSIS: 0104-1822-7090-0001 \u0422\u043e\u0440\u0433\u043e\u0432\u044b\u0439 \u0440\u0435\u0435\u0441\u0442\u0440: \u0422\u043e\u0440\u0433\u043e\u0432\u043e-\u043f\u0440\u043e\u043c\u044b\u0448\u043b\u0435\u043d\u043d\u0430\u044f<\/p>\n","protected":false},"author":1,"featured_media":0,"parent":0,"menu_order":0,"comment_status":"closed","ping_status":"closed","template":"","meta":{"footnotes":""},"class_list":["post-16833","page","type-page","status-publish","hentry"],"_links":{"self":[{"href":"https:\/\/avantajmakine.com\/ru\/wp-json\/wp\/v2\/pages\/16833","targetHints":{"allow":["GET"]}}],"collection":[{"href":"https:\/\/avantajmakine.com\/ru\/wp-json\/wp\/v2\/pages"}],"about":[{"href":"https:\/\/avantajmakine.com\/ru\/wp-json\/wp\/v2\/types\/page"}],"author":[{"embeddable":true,"href":"https:\/\/avantajmakine.com\/ru\/wp-json\/wp\/v2\/users\/1"}],"replies":[{"embeddable":true,"href":"https:\/\/avantajmakine.com\/ru\/wp-json\/wp\/v2\/comments?post=16833"}],"version-history":[{"count":1,"href":"https:\/\/avantajmakine.com\/ru\/wp-json\/wp\/v2\/pages\/16833\/revisions"}],"predecessor-version":[{"id":16835,"href":"https:\/\/avantajmakine.com\/ru\/wp-json\/wp\/v2\/pages\/16833\/revisions\/16835"}],"wp:attachment":[{"href":"https:\/\/avantajmakine.com\/ru\/wp-json\/wp\/v2\/media?parent=16833"}],"curies":[{"name":"wp","href":"https:\/\/api.w.org\/{rel}","templated":true}]}}